{"id":377,"date":"2010-12-18T17:24:35","date_gmt":"2010-12-18T16:24:35","guid":{"rendered":"http:\/\/rollhaeuser.de\/index.php\/"},"modified":"2024-06-19T11:44:50","modified_gmt":"2024-06-19T10:44:50","slug":"biografie","status":"publish","type":"page","link":"https:\/\/rollhaeuser.de\/index.php\/biografie\/","title":{"rendered":"About"},"content":{"rendered":"<p>Seit ziemlich vielen Jahren schreibe und produziere ich vor allem Radio-Features. Damit war ich h\u00e4ufig f\u00fcr Preise nominiert und habe auch ein paar gewonnen: Prix Europa, Ernst-Schneider-Preis, Dokka-Preis und zuletzt den Axel-Eggebrecht-Preis f\u00fcr mein Lebenswerk. Ab und zu schreibe ich auch print-Artikel.<\/p>\n<p>Manchmal &#8211; und gern &#8211; arbeite ich f\u00fcr andere: Interviews, Field Recordings, Sprachaufnahmen, Schnitt, Mischung, Produktion \u2013 was mir so angetragen wird.<\/p>\n<p>Ich spreche und \u00fcbersetze Spanisch, Englisch, Niederl\u00e4ndisch und &#8211; einigerma\u00dfen &#8211; Franz\u00f6sisch.<\/p>\n<p>Ich lebe in Berlin.<\/p>\n<p>&nbsp;<\/p>\n<p>I\u2019m a long time author and producer of radio documentaries. I was often nominated for awards and winning some of the most prestigious made me proud and happy: Prix Europa, Ernst-Schneider-Preis, Dokka-Preis and in 2022 the lifetime achievement award Axel-Eggebrecht-Preis. From time to time I also write for newspapers.<\/p>\n<p>When other people ask me to work for them, I usually do: recording voices, sounds, interviews, etc.<\/p>\n<p>I also translate from Spanish, English, Dutch and French.<\/p>\n<p>I live in Berlin.<\/p>\n<p>&nbsp;<\/p>\n<p style=\"text-align: right;\">\n","protected":false},"excerpt":{"rendered":"<p>Seit ziemlich vielen Jahren schreibe und produziere ich vor allem Radio-Features. Damit war ich h\u00e4ufig f\u00fcr Preise nominiert und habe auch ein paar gewonnen: Prix Europa, Ernst-Schneider-Preis, Dokka-Preis und zuletzt den Axel-Eggebrecht-Preis f\u00fcr mein Lebenswerk. Ab und zu schreibe ich auch print-Artikel. Manchmal &#8211; und gern &#8211; arbeite ich f\u00fcr andere: Interviews, Field Recordings, Sprachaufnahmen, &#8230; <\/p>\n<p class=\"read-more-container\"><a title=\"About\" class=\"read-more button\" href=\"https:\/\/rollhaeuser.de\/index.php\/biografie\/#more-377\" aria-label=\"Mehr Informationen \u00fcber About\">Weiterlesen<\/a><\/p>\n","protected":false},"author":3,"featured_media":1899,"parent":0,"menu_order":5,"comment_status":"closed","ping_status":"closed","template":"","meta":{"footnotes":""},"class_list":{"0":"post-377","1":"page","2":"type-page","3":"status-publish","4":"has-post-thumbnail","6":"no-featured-image-padding"},"_links":{"self":[{"href":"https:\/\/rollhaeuser.de\/index.php\/wp-json\/wp\/v2\/pages\/377","targetHints":{"allow":["GET"]}}],"collection":[{"href":"https:\/\/rollhaeuser.de\/index.php\/wp-json\/wp\/v2\/pages"}],"about":[{"href":"https:\/\/rollhaeuser.de\/index.php\/wp-json\/wp\/v2\/types\/page"}],"author":[{"embeddable":true,"href":"https:\/\/rollhaeuser.de\/index.php\/wp-json\/wp\/v2\/users\/3"}],"replies":[{"embeddable":true,"href":"https:\/\/rollhaeuser.de\/index.php\/wp-json\/wp\/v2\/comments?post=377"}],"version-history":[{"count":54,"href":"https:\/\/rollhaeuser.de\/index.php\/wp-json\/wp\/v2\/pages\/377\/revisions"}],"predecessor-version":[{"id":3954,"href":"https:\/\/rollhaeuser.de\/index.php\/wp-json\/wp\/v2\/pages\/377\/revisions\/3954"}],"wp:featuredmedia":[{"embeddable":true,"href":"https:\/\/rollhaeuser.de\/index.php\/wp-json\/wp\/v2\/media\/1899"}],"wp:attachment":[{"href":"https:\/\/rollhaeuser.de\/index.php\/wp-json\/wp\/v2\/media?parent=377"}],"curies":[{"name":"wp","href":"https:\/\/api.w.org\/{rel}","templated":true}]}}