{"id":374,"date":"2010-12-18T16:52:54","date_gmt":"2010-12-18T15:52:54","guid":{"rendered":"http:\/\/rollhaeuser.de\/index.php\/"},"modified":"2025-03-20T10:53:27","modified_gmt":"2025-03-20T09:53:27","slug":"alle-hoerstuecke","status":"publish","type":"page","link":"https:\/\/rollhaeuser.de\/index.php\/alle-hoerstuecke\/","title":{"rendered":"Alle H\u00f6rst\u00fccke"},"content":{"rendered":"<h2>Gr\u00f6\u00dfere Arbeiten Rundfunk (chronologisch)<\/h2>\n<p><a href=\"https:\/\/rollhaeuser.de\/index.php\/so-nicht-weiter-kein-ruhestand-in-der-klimakrise\/\">So nicht weiter \u2013 Kein Ruhestand in der Klimakrise | 2023<\/a><\/p>\n<p><a href=\"https:\/\/rollhaeuser.de\/index.php\/auf-sumpf-gebaut-imperiale-traeume-auf-der-berliner-museumsinsel\/\">Auf Sumpf gebaut &#8211; Imperiale Tr\u00e4ume auf der Berliner Museumsinsel |\u00a02022<\/a><\/p>\n<p><a href=\"https:\/\/rollhaeuser.de\/index.php\/vorschau-dekolonisiert-euch-oeffentlich-rechtliche-medienhaeuser-und-die-migrationsgesellschaft\/\">Dekolonisiert euch! &#8211; \u00d6ffentlich-rechtliche Medienh\u00e4user und die Migrationsgesellschaft |\u00a02020<\/a> \u00a0 \u00a0 \u00a0 \u00a0 \u00a0 \u00a0<em>ausgezeichnet mit dem Sonderpreis des Medienspiegels 2021<\/em><\/p>\n<p><a href=\"https:\/\/rollhaeuser.de\/index.php\/radiofeature-frontera-von-menschen-und-mauern-an-der-grenze-mexiko-usa\/\">Frontera \u2013 Von Menschen und Mauern an der Grenze Mexico-USA|\u00a02020<\/a><\/p>\n<p><a href=\"https:\/\/rollhaeuser.de\/index.php\/reset-im-regenwald\/\">Reset im Regenwald &#8211; Der Hype um Ayahuasca |\u00a02019<\/a><\/p>\n<p><a href=\"https:\/\/rollhaeuser.de\/index.php\/haus-der-weissen-herren-humboldt-forum-shared-heritage-und-der-umgang-mit-dem-anderen\/\">Haus der Wei\u00dfen Herren &#8211; Humboldt Forum, Shared Heritage und der Umgang mit dem Anderen\u00a0 |\u00a0\u00a02017<\/a><\/p>\n<p><a href=\"https:\/\/rollhaeuser.de\/index.php\/eine-liebe-zu-schwarz-mein-koloniales-innenleben-revisited\/\">Eine Liebe zu Schwarz &#8211; Mein koloniales Innenleben, revisited |\u00a0 2017<\/a><\/p>\n<p><a href=\"https:\/\/rollhaeuser.de\/index.php\/kreuzberg-von-oben-ein-versuch-uber-geld-und-moral\/\">Kreuzberg von oben \u2013 ein Versuch \u00fcber Geld und Moral |\u00a02014<\/a><br \/>\n<em>ausgezeichnet als bestes Radiofeature 2014 beim Dokka-Festival Karlsruhe<\/em><\/p>\n<p><a href=\"https:\/\/rollhaeuser.de\/index.php\/shoppen-in-china-afrikanische-handler-in-guangzhou\/\">Shoppen in China \u2013 Afrikanische H\u00e4ndler in Guangzhou | 2013<\/a><br \/>\n<em>ausgezeichnet mit dem Ernst-Schneider-Preis 2014<\/em><\/p>\n<p><a href=\"https:\/\/rollhaeuser.de\/index.php\/tante-friedel-besuch-auf-dem-norddeutschen-land-2\/\">Tante Friedel \u2013 Besuch auf dem norddeutschen Land | 2012<\/a><\/p>\n<p><a href=\"https:\/\/rollhaeuser.de\/index.php\/himmel-oder-holle\/\">Himmel oder H\u00f6lle \u2013 Unterwegs mit der Band Guaia Guaia | 2011<\/a><\/p>\n<p><a href=\"https:\/\/rollhaeuser.de\/index.php\/ol-fur-10-tage-die-yasuni-initiative-ecuadors\/\">\u00d6l f\u00fcr zehn Tage \u2013 Die Yasun\u00ed-Initiative Ecuadors | 2011<\/a><\/p>\n<p><a href=\"https:\/\/rollhaeuser.de\/index.php\/durch-die-nacht-eine-reise-auf-dem-kongo\/\">Durch die Nacht \u2013 eine Reise auf dem Kongo | 2010<\/a><\/p>\n<p><a href=\"https:\/\/rollhaeuser.de\/index.php\/die-studios-kabako-der-theatermacher-und-tanzer-faustin-linyekula-aus-kisangani\/\">Die Studios Kabako \u2013 Der Theatermacher und T\u00e4nzer Faustin Linyekula aus Kisangani | 2010<\/a><\/p>\n<p><a href=\"https:\/\/rollhaeuser.de\/index.php\/auser-kontrolle-doping-im-fusball\/\">Au\u00dfer Kontrolle \u2013 Doping im Fu\u00dfball | 2010<\/a><\/p>\n<p><a href=\"https:\/\/rollhaeuser.de\/index.php\/wer-lebt-stort-private-klimastrategien\/\">Wer lebt, st\u00f6rt \u2013 Private Klimastrategien | 2009<\/a><\/p>\n<p><a href=\"https:\/\/rollhaeuser.de\/index.php\/wenn-nachbarn-zu-feinden-werden-die-politik-der-gewalt-in-kenia\/\">Wenn Nachbarn zu Feinden werden \u2013 Die Politik der Gewalt in Kenia | 2009<\/a><\/p>\n<p><a href=\"https:\/\/rollhaeuser.de\/index.php\/mutters-schatten-kehraus-im-elternhaus\/\">Mutters Schatten \u2013 Kehraus im Elternhaus | 2008<\/a><br \/>\n<em>Gewinner des Prix Europa 2008<\/em><\/p>\n<p><a href=\"https:\/\/rollhaeuser.de\/index.php\/perfect-body-tuning-dopen-als-system\/\">Perfect Body Tuning \u2013 Dopen als System | 2007<\/a><\/p>\n<p><a href=\"https:\/\/rollhaeuser.de\/index.php\/khat-eine-droge-in-zeiten-der-globalisierung\/\">Khat \u2013 eine Droge in Zeiten der Globalisierung | 2006<\/a><\/p>\n<p>Gesperrtes Talent \u2013 Der erste Dopingfall im deutschen Tennis\u00a0 | 2006<\/p>\n<p><a href=\"https:\/\/rollhaeuser.de\/index.php\/kongo-gold-mit-den-schurfern-unterwegs-in-der-provinz-ituri\/\">Kongo-Gold \u2013 Mit den Sch\u00fcrfern unterwegs in der Provinz Ituri | 2006<\/a><\/p>\n<p>Der Hunger der Elefanten \u2013 Konflikte zwischen Mensch und Tier am Mount Kenya | 2006<\/p>\n<p><a href=\"https:\/\/rollhaeuser.de\/index.php\/schwarzes-land-weises-land-begegnungen-am-mt-kenya\/\">Schwarzes Land Wei\u00dfes Land \u2013 Begegnungen am Mt. Kenya | 2005<\/a><\/p>\n<p><a href=\"https:\/\/rollhaeuser.de\/index.php\/cannabis-illegal-und-ganz-normal\/\">Cannabis \u2013 illegal und ganz normal | 2004 | <em>nominiert f\u00fcr den Prix Europa<\/em><\/a><\/p>\n<p><a href=\"https:\/\/rollhaeuser.de\/index.php\/das-haus-der-alten-damen-eine-wohngemeinschaft-fur-seniorinnen\/\">Das Haus der alten Damen \u2013 Eine Wohngemeinschaft f\u00fcr Seniorinnen | 2004<\/a><\/p>\n<p>Schnelles Geld und schnelle Filme \u2013 Nigerias Videoindustrie boomt | 2004<\/p>\n<p>Schattenwelten \u2013 Zauber und Hexerei im urbanen Afrika | 2004<\/p>\n<p><a href=\"https:\/\/rollhaeuser.de\/index.php\/cuba-super-social-club\/\">Cuba Super Social Club | 2002<\/a><\/p>\n<p>Europa f\u00fcr Einsteiger \u2013 Illegale Einwanderer in S\u00fcdspanien | 2002<\/p>\n<p><a href=\"https:\/\/rollhaeuser.de\/index.php\/kein-ort-fur-traume-schwarzafrikaner-in-tanger\/\">Kein Ort f\u00fcr Tr\u00e4ume \u2013 Schwarzafrikaner in Tanger | 2002<\/a><\/p>\n<p><a href=\"https:\/\/rollhaeuser.de\/index.php\/en-botella-per-anhalter-durch-kuba\/\">En Botella \u2013 Per Anhalter quer durch Kuba | 2001<\/a><\/p>\n<p>Havanna Soundscape | 2001<\/p>\n<p><a href=\"https:\/\/rollhaeuser.de\/index.php\/das-lachen-der-jineteras-uber-liebe-und-geld-in-kuba\/\">Das Lachen der Jineteras \u2013 \u00dcber Liebe und Geld in Kuba | 2000<\/a><\/p>\n<p>Love Parade <span style=\"color: #008000;\">|<\/span> 2000<\/p>\n<p><a href=\"https:\/\/rollhaeuser.de\/index.php\/havanna-rap-der-etwas-andere-social-club\/\">Havanna Rap \u2013 Der etwas andere Social Club | 1999<\/a><\/p>\n<p><a href=\"https:\/\/rollhaeuser.de\/index.php\/fire-upon-babylon-bob-marleys-bose-enkel\/\">Fire Upon Babylon \u2013 Bob Marleys b\u00f6se Enkel | 1999<\/a><\/p>\n<p>To- to- to- totaler Krampf \u2013 \u00dcber Stottern | 1998<\/p>\n<p>Barrio Chino \u2013 Chinesen in Kuba | 1998<\/p>\n<p><a href=\"https:\/\/rollhaeuser.de\/index.php\/la-mysterieuse-%E2%80%93-timbuktu\/\">La Myst\u00e9rieuse \u2013 Timbuktu | 1998<\/a><\/p>\n<p>River Road by Night \u2013 Nairobi | 1997<\/p>\n<p><a href=\"https:\/\/rollhaeuser.de\/index.php\/noise-kicks\/\">Noise Kicks | 1997<\/a><\/p>\n<p>Pump Up the Bass \u2013 Eine Sound-Attacke | 1996<\/p>\n<p>Sie sprechen von Vers\u00f6hnung \u2013 Ruanda nach dem V\u00f6lkermord | 1996<\/p>\n<p>Erste Sehnsucht | 1995 | <em>nominiert f\u00fcr den Prix Italia<\/em><\/p>\n<p>Wenn ich wei\u00df w\u00e4re, w\u00fcrd\u2019 mir das hier sch\u00f6n gefallen \u2013 Afrikanische Diaspora in Hamburg | 1994<\/p>\n<p>Was uns gl\u00fccklich macht bringt uns um \u2013 Leben mit AIDS in Afrika | 1993<\/p>\n<p>Denn nachts fliegen die Zauberer \u2013 Eine Reise ins westafrikanische Benin | 1992<\/p>\n<p>Moros y Cristianos \u2013 Spanien und die Mauren | 1992<\/p>\n<p>Taurochmachie und Trag\u00f6die\u00a0 | 1991<\/p>\n<div id=\"_mcePaste\" style=\"overflow: hidden; position: absolute; left: -10000px; top: 0px; width: 1px; height: 1px;\">https:\/\/rollhaeuser.de\/index.php\/mutters-schatten-%E2%80%93-kehraus-im-elternhaus\/<\/div>\n","protected":false},"excerpt":{"rendered":"<p>Gr\u00f6\u00dfere Arbeiten Rundfunk (chronologisch) So nicht weiter \u2013 Kein Ruhestand in der Klimakrise | 2023 Auf Sumpf gebaut &#8211; Imperiale Tr\u00e4ume auf der Berliner Museumsinsel |\u00a02022 Dekolonisiert euch! &#8211; \u00d6ffentlich-rechtliche Medienh\u00e4user und die Migrationsgesellschaft |\u00a02020 \u00a0 \u00a0 \u00a0 \u00a0 \u00a0 \u00a0ausgezeichnet mit dem Sonderpreis des Medienspiegels 2021 Frontera \u2013 Von Menschen und Mauern an der &#8230; <\/p>\n<p class=\"read-more-container\"><a title=\"Alle H\u00f6rst\u00fccke\" class=\"read-more button\" href=\"https:\/\/rollhaeuser.de\/index.php\/alle-hoerstuecke\/#more-374\" aria-label=\"Mehr Informationen \u00fcber Alle H\u00f6rst\u00fccke\">Weiterlesen<\/a><\/p>\n","protected":false},"author":3,"featured_media":2704,"parent":0,"menu_order":1,"comment_status":"closed","ping_status":"closed","template":"","meta":{"footnotes":""},"class_list":{"0":"post-374","1":"page","2":"type-page","3":"status-publish","4":"has-post-thumbnail","6":"no-featured-image-padding"},"_links":{"self":[{"href":"https:\/\/rollhaeuser.de\/index.php\/wp-json\/wp\/v2\/pages\/374","targetHints":{"allow":["GET"]}}],"collection":[{"href":"https:\/\/rollhaeuser.de\/index.php\/wp-json\/wp\/v2\/pages"}],"about":[{"href":"https:\/\/rollhaeuser.de\/index.php\/wp-json\/wp\/v2\/types\/page"}],"author":[{"embeddable":true,"href":"https:\/\/rollhaeuser.de\/index.php\/wp-json\/wp\/v2\/users\/3"}],"replies":[{"embeddable":true,"href":"https:\/\/rollhaeuser.de\/index.php\/wp-json\/wp\/v2\/comments?post=374"}],"version-history":[{"count":76,"href":"https:\/\/rollhaeuser.de\/index.php\/wp-json\/wp\/v2\/pages\/374\/revisions"}],"predecessor-version":[{"id":3968,"href":"https:\/\/rollhaeuser.de\/index.php\/wp-json\/wp\/v2\/pages\/374\/revisions\/3968"}],"wp:featuredmedia":[{"embeddable":true,"href":"https:\/\/rollhaeuser.de\/index.php\/wp-json\/wp\/v2\/media\/2704"}],"wp:attachment":[{"href":"https:\/\/rollhaeuser.de\/index.php\/wp-json\/wp\/v2\/media?parent=374"}],"curies":[{"name":"wp","href":"https:\/\/api.w.org\/{rel}","templated":true}]}}