{"id":2667,"date":"2019-01-22T13:24:06","date_gmt":"2019-01-22T12:24:06","guid":{"rendered":"http:\/\/rollhaeuser.de\/?page_id=2667"},"modified":"2019-01-24T16:37:59","modified_gmt":"2019-01-24T15:37:59","slug":"mehr-zu-diesem-blog","status":"publish","type":"page","link":"https:\/\/rollhaeuser.de\/index.php\/mehr-zu-diesem-blog\/","title":{"rendered":"Mehr zu diesem Blog"},"content":{"rendered":"<p><a href=\"https:\/\/rollhaeuser.de\/index.php\/haus-der-weissen-herren-humboldt-forum-shared-heritage-und-der-umgang-mit-dem-anderen\/\">Die Diskussionen zum Humboldt Forum im Berliner Schloss<\/a> besch\u00e4ftigen mich weiter. Und damit das keine allzu einseitige Angelegenheit bleibt, will ich mich daran auch selbst weiter beteiligen. Hier auf dieser Seite, zun\u00e4chst mal ohne festen Rhythmus, eher nach Bedarf und Gelegenheit.<\/p>\n<p>Nat\u00fcrlich sind ernst gemeinte Beitr\u00e4ge, Hinweise und Kommentare immer willkommen.<\/p>\n<p><a href=\"https:\/\/rollhaeuser.de\/index.php\/wayne-modest-in-leipzig\/\">2018\/00 &#8211; Wayne Modest in Leipzig<\/a><\/p>\n<p><a href=\"https:\/\/rollhaeuser.de\/index.php\/zu-den-reaktionen-auf-sarr-savoy\/\">2018\/00 &#8211; Zu den Reaktionen auf Sarr\/Savoy<\/a><\/p>\n<p><a href=\"https:\/\/rollhaeuser.de\/index.php\/auktion-1119-lot-7\/\">2018\/00 &#8211; Auktion 1119, Lot 7<\/a><\/p>\n<p><a href=\"https:\/\/rollhaeuser.de\/index.php\/blog\/rightful-robbers\/\">2018\/09 &#8211; Rightful Robbers<\/a><\/p>\n<p><a href=\"https:\/\/rollhaeuser.de\/index.php\/hermann-parzinger-im-gespraech-mit-thomas-e-schmidt\/\">2018\/09 &#8211; Hermann Parzinger in der Schaub\u00fchne<\/a><\/p>\n<p><a href=\"https:\/\/rollhaeuser.de\/index.php\/blog\/interview-mit-gad-shiynynuy\/\">2018\/09 &#8211; Ngonso in Dahlem<\/a><\/p>\n<p><a href=\"https:\/\/rollhaeuser.de\/index.php\/blog\/ein-fisch-in-washington-d-c\/\">2018\/06 &#8211; Ein Fisch in Washington D.C.<\/a><\/p>\n<p><a href=\"https:\/\/rollhaeuser.de\/index.php\/blog\/das-schweigen-der-museen\/\">2018\/06 &#8211; Das Schweigen der Museen\u00a0&#8211; B\u00e9n\u00e9dicte Savoy bei der Unesco-Konferenz in Paris<\/a><\/p>\n<p><a href=\"https:\/\/rollhaeuser.de\/index.php\/blog\/zwei-artikel-in-der-taz\/\">2018\/04 &#8211; Zwei Artikel in der &#8222;taz&#8220;<\/a><\/p>\n<p><a href=\"https:\/\/rollhaeuser.de\/index.php\/blog\/podiumsgespraech-mit-benedicte-savoy\/\">2018\/04 &#8211; Podiumsgespr\u00e4ch mit B\u00e9n\u00e9dicte Savoy<\/a><\/p>\n<p><a href=\"https:\/\/rollhaeuser.de\/index.php\/blog\/neil-macgregor-in-der-zeit\/\">2018\/03 &#8211; Neil MacGregor in der &#8222;Zeit&#8220;<\/a><\/p>\n<p><img loading=\"lazy\" decoding=\"async\" class=\"alignnone wp-image-2820 size-full\" src=\"https:\/\/rollhaeuser.de\/wp-content\/uploads\/2019\/01\/IMG_6151Oba-2.jpg\" alt=\"\" width=\"1350\" height=\"900\" srcset=\"https:\/\/rollhaeuser.de\/wp-content\/uploads\/2019\/01\/IMG_6151Oba-2.jpg 1350w, https:\/\/rollhaeuser.de\/wp-content\/uploads\/2019\/01\/IMG_6151Oba-2-620x413.jpg 620w, https:\/\/rollhaeuser.de\/wp-content\/uploads\/2019\/01\/IMG_6151Oba-2-768x512.jpg 768w, https:\/\/rollhaeuser.de\/wp-content\/uploads\/2019\/01\/IMG_6151Oba-2-1024x683.jpg 1024w\" sizes=\"auto, (max-width: 1350px) 100vw, 1350px\" \/><\/p>\n<p>&nbsp;<\/p>\n<p><strong>Radiofeature<\/strong><\/p>\n<p>Hier <a href=\"https:\/\/rollhaeuser.de\/index.php\/haus-der-weissen-herren-humboldt-forum-shared-heritage-und-der-umgang-mit-dem-anderen\/\">mein Feature zum Humboldt Forum zum anh\u00f6ren<\/a>\u00a0oder zum herunterladen:\u00a0<a href=\"https:\/\/rollhaeuser.de\/download\/Haus_der_weissen_Herren.zip\">Haus der Wei\u00dfen Herren | 2017 | 108 MB | ZIP<\/a><\/p>\n<p><img loading=\"lazy\" decoding=\"async\" class=\"alignnone wp-image-2823 size-full\" src=\"https:\/\/rollhaeuser.de\/wp-content\/uploads\/2019\/01\/Schmiede_Benin_City-1.jpg\" alt=\"\" width=\"1350\" height=\"900\" srcset=\"https:\/\/rollhaeuser.de\/wp-content\/uploads\/2019\/01\/Schmiede_Benin_City-1.jpg 1350w, https:\/\/rollhaeuser.de\/wp-content\/uploads\/2019\/01\/Schmiede_Benin_City-1-620x413.jpg 620w, https:\/\/rollhaeuser.de\/wp-content\/uploads\/2019\/01\/Schmiede_Benin_City-1-768x512.jpg 768w, https:\/\/rollhaeuser.de\/wp-content\/uploads\/2019\/01\/Schmiede_Benin_City-1-1024x683.jpg 1024w\" sizes=\"auto, (max-width: 1350px) 100vw, 1350px\" \/><\/p>\n<p>&nbsp;<\/p>\n","protected":false},"excerpt":{"rendered":"<p>Die Diskussionen zum Humboldt Forum im Berliner Schloss besch\u00e4ftigen mich weiter. Und damit das keine allzu einseitige Angelegenheit bleibt, will ich mich daran auch selbst weiter beteiligen. Hier auf dieser Seite, zun\u00e4chst mal ohne festen Rhythmus, eher nach Bedarf und Gelegenheit. Nat\u00fcrlich sind ernst gemeinte Beitr\u00e4ge, Hinweise und Kommentare immer willkommen. 2018\/00 &#8211; Wayne Modest &#8230; <\/p>\n<p class=\"read-more-container\"><a title=\"Mehr zu diesem Blog\" class=\"read-more button\" href=\"https:\/\/rollhaeuser.de\/index.php\/mehr-zu-diesem-blog\/#more-2667\" aria-label=\"Mehr Informationen \u00fcber Mehr zu diesem Blog\">Weiterlesen<\/a><\/p>\n","protected":false},"author":3,"featured_media":2693,"parent":0,"menu_order":2,"comment_status":"closed","ping_status":"closed","template":"","meta":{"footnotes":""},"class_list":{"0":"post-2667","1":"page","2":"type-page","3":"status-publish","4":"has-post-thumbnail","6":"no-featured-image-padding"},"_links":{"self":[{"href":"https:\/\/rollhaeuser.de\/index.php\/wp-json\/wp\/v2\/pages\/2667","targetHints":{"allow":["GET"]}}],"collection":[{"href":"https:\/\/rollhaeuser.de\/index.php\/wp-json\/wp\/v2\/pages"}],"about":[{"href":"https:\/\/rollhaeuser.de\/index.php\/wp-json\/wp\/v2\/types\/page"}],"author":[{"embeddable":true,"href":"https:\/\/rollhaeuser.de\/index.php\/wp-json\/wp\/v2\/users\/3"}],"replies":[{"embeddable":true,"href":"https:\/\/rollhaeuser.de\/index.php\/wp-json\/wp\/v2\/comments?post=2667"}],"version-history":[{"count":9,"href":"https:\/\/rollhaeuser.de\/index.php\/wp-json\/wp\/v2\/pages\/2667\/revisions"}],"predecessor-version":[{"id":2825,"href":"https:\/\/rollhaeuser.de\/index.php\/wp-json\/wp\/v2\/pages\/2667\/revisions\/2825"}],"wp:featuredmedia":[{"embeddable":true,"href":"https:\/\/rollhaeuser.de\/index.php\/wp-json\/wp\/v2\/media\/2693"}],"wp:attachment":[{"href":"https:\/\/rollhaeuser.de\/index.php\/wp-json\/wp\/v2\/media?parent=2667"}],"curies":[{"name":"wp","href":"https:\/\/api.w.org\/{rel}","templated":true}]}}